{"id":54,"date":"2021-11-07T15:59:25","date_gmt":"2021-11-07T14:59:25","guid":{"rendered":"http:\/\/coin.wne.uw.edu.pl\/ncnbrexit\/?page_id=54"},"modified":"2021-11-07T16:04:59","modified_gmt":"2021-11-07T15:04:59","slug":"konferencja","status":"publish","type":"page","link":"https:\/\/coin.wne.uw.edu.pl\/ncnbrexit\/?page_id=54","title":{"rendered":"Konferencja"},"content":{"rendered":"\n<p><strong>Konferencja \u201ePolska-UK: wsp\u00f3\u0142praca w nowych warunkach\u201d<\/strong><\/p>\n\n\n\n<p><strong>23 listopada 2021 r., Instytut Rozwoju Wsi i Rolnictwa PAN,<\/strong><\/p>\n\n\n\n<p><strong>ul. Nowy \u015awiat 72 (Pa\u0142ac Staszica, Sala Lustrzana), 00-330 Warszawa<\/strong><\/p>\n\n\n\n<p><strong>Wszyscy uczestnicy konferencji proszeni s\u0105 o noszenie maseczek ochronnych<\/strong> <strong>i przestrzeganie zasad sanitarnych obowi\u0105zuj\u0105cych w dniu konferencji.<\/strong><\/p>\n\n\n\n<p><strong>Szanowni Pa\u0144stwo,<\/strong><\/p>\n\n\n\n<p>Zapraszamy do wzi\u0119cia udzia\u0142u w konferencji naukowej organizowanej wsp\u00f3lnie przez IRWIR PAN, WNE UW oraz ambasad\u0119 Wielkiej Brytanii w Warszawie. Konferencja jest po\u015bwi\u0119cona wsp\u00f3\u0142pracy Polski z Wielk\u0105 Brytani\u0105 w nowych warunkach politycznych i gospodarczych, jak r\u00f3wnie\u017c konsekwencjom brexitu dla Europy \u015arodkowej i Wschodniej.<\/p>\n\n\n\n<p>Konferencja odb\u0119dzie si\u0119 23 listopada 2021 r. w godzinach 9.30-14:10 w Sali Lustrzanej Pa\u0142acu Staszica (ul. Nowy \u015awiat 72, Warszawa).<\/p>\n\n\n\n<p>Niezb\u0119dnym warunkiem uczestnictwa w konferencji jest przestrzeganie norm sanitarnych obowi\u0105zuj\u0105cych w okresie pandemii. Wszyscy uczestnicy powinni posiada\u0107 maseczki ochronne i przestrzega\u0107 zasad sanitarnych okre\u015blonych przez Organizator\u00f3w.<\/p>\n\n\n\n<p>Ze wzgl\u0119du na mo\u017cliwe zmiany sytuacji epidemiologicznej istnieje mo\u017cliwo\u015b\u0107 przeprowadzenia konferencji w formie zdalnej na platformie ZOOM. W przypadku podj\u0119cia przez Organizator\u00f3w takiej decyzji odpowiednia informacja b\u0119dzie przekazana drog\u0105 elektroniczn\u0105 wszystkim zarejestrowanym uczestnikom najp\u00f3\u017aniej do dnia 19.11.2021 r.<\/p>\n\n\n\n<p>Wszyscy uczestnicy konferencji musz\u0105 si\u0119 zarejestrowa\u0107 poni\u017cej. llo\u015b\u0107 miejsc ograniczona.<\/p>\n\n\n\n<div class=\"wp-block-file\"><a href=\"http:\/\/coin.wne.uw.edu.pl\/ncnbrexit\/wp-content\/uploads\/2021\/11\/Program-Konferencji-PL-UK.pdf\">Program konferencji<\/a><a href=\"http:\/\/coin.wne.uw.edu.pl\/ncnbrexit\/wp-content\/uploads\/2021\/11\/Program-Konferencji-PL-UK.pdf\" class=\"wp-block-file__button\" download>Pobierz<\/a><\/div>\n\n\n\n<p><a href=\"https:\/\/docs.google.com\/forms\/d\/e\/1FAIpQLSed77Up2bdnMwZ5vOOOw3DQ8ZVOMcMe-bg0lVb7hehqfvvH_w\/viewform\" data-type=\"URL\" data-id=\"https:\/\/docs.google.com\/forms\/d\/e\/1FAIpQLSed77Up2bdnMwZ5vOOOw3DQ8ZVOMcMe-bg0lVb7hehqfvvH_w\/viewform\">Formularz rejestracyjny.<\/a><\/p>\n","protected":false},"excerpt":{"rendered":"<p>Konferencja \u201ePolska-UK: wsp\u00f3\u0142praca w nowych warunkach\u201d 23 listopada 2021 r., Instytut Rozwoju Wsi i Rolnictwa PAN, ul. Nowy \u015awiat 72 (Pa\u0142ac Staszica, Sala Lustrzana), 00-330 Warszawa Wszyscy uczestnicy konferencji proszeni s\u0105 o noszenie maseczek ochronnych i przestrzeganie zasad sanitarnych obowi\u0105zuj\u0105cych w dniu konferencji. Szanowni Pa\u0144stwo, Zapraszamy do wzi\u0119cia udzia\u0142u w konferencji naukowej organizowanej wsp\u00f3lnie przez&hellip;&nbsp;<a href=\"https:\/\/coin.wne.uw.edu.pl\/ncnbrexit\/?page_id=54\" class=\"\" rel=\"bookmark\">Read More &raquo;<span class=\"screen-reader-text\">Konferencja<\/span><\/a><\/p>\n","protected":false},"author":1,"featured_media":0,"parent":0,"menu_order":0,"comment_status":"closed","ping_status":"closed","template":"","meta":{"neve_meta_sidebar":"full-width","neve_meta_container":"","neve_meta_enable_content_width":"on","neve_meta_content_width":100,"neve_meta_title_alignment":"","neve_meta_author_avatar":"","neve_post_elements_order":"","neve_meta_disable_header":"","neve_meta_disable_footer":"","neve_meta_disable_title":"","footnotes":""},"class_list":["post-54","page","type-page","status-publish","hentry"],"_links":{"self":[{"href":"https:\/\/coin.wne.uw.edu.pl\/ncnbrexit\/index.php?rest_route=\/wp\/v2\/pages\/54","targetHints":{"allow":["GET"]}}],"collection":[{"href":"https:\/\/coin.wne.uw.edu.pl\/ncnbrexit\/index.php?rest_route=\/wp\/v2\/pages"}],"about":[{"href":"https:\/\/coin.wne.uw.edu.pl\/ncnbrexit\/index.php?rest_route=\/wp\/v2\/types\/page"}],"author":[{"embeddable":true,"href":"https:\/\/coin.wne.uw.edu.pl\/ncnbrexit\/index.php?rest_route=\/wp\/v2\/users\/1"}],"replies":[{"embeddable":true,"href":"https:\/\/coin.wne.uw.edu.pl\/ncnbrexit\/index.php?rest_route=%2Fwp%2Fv2%2Fcomments&post=54"}],"version-history":[{"count":4,"href":"https:\/\/coin.wne.uw.edu.pl\/ncnbrexit\/index.php?rest_route=\/wp\/v2\/pages\/54\/revisions"}],"predecessor-version":[{"id":61,"href":"https:\/\/coin.wne.uw.edu.pl\/ncnbrexit\/index.php?rest_route=\/wp\/v2\/pages\/54\/revisions\/61"}],"wp:attachment":[{"href":"https:\/\/coin.wne.uw.edu.pl\/ncnbrexit\/index.php?rest_route=%2Fwp%2Fv2%2Fmedia&parent=54"}],"curies":[{"name":"wp","href":"https:\/\/api.w.org\/{rel}","templated":true}]}}