{"id":29,"date":"2021-02-23T21:12:29","date_gmt":"2021-02-23T20:12:29","guid":{"rendered":"http:\/\/coin.wne.uw.edu.pl\/ncnbrexit\/?page_id=29"},"modified":"2021-02-24T09:44:16","modified_gmt":"2021-02-24T08:44:16","slug":"people","status":"publish","type":"page","link":"https:\/\/coin.wne.uw.edu.pl\/ncnbrexit\/?page_id=29","title":{"rendered":"People"},"content":{"rendered":"\n<p><strong>The project team:<\/strong><\/p>\n\n\n\n<p>Jan Hagemejer, Associate Professor at University of Warsaw, principal investigator<\/p>\n\n\n\n<p>Professor Jan Micha\u0142ek, Unicersity of Warsaw, senior investigator<\/p>\n\n\n\n<p>Jakub Mu\u0107k, PhD, Assistant Professor, Warsaw School of Economics, investigator<\/p>\n\n\n\n<p>Maria Dunin-W\u0105sowicz, PhD, Warsaw School of Economics, investigator<\/p>\n\n\n\n<p>Karolina Pawlak, Associate Professor at Poznan University of Life Sciences, senior investigator<\/p>\n\n\n\n<p>Jacek Szyszka, University of Warsaw, research assistant <\/p>\n","protected":false},"excerpt":{"rendered":"<p>The project team: Jan Hagemejer, Associate Professor at University of Warsaw, principal investigator Professor Jan Micha\u0142ek, Unicersity of Warsaw, senior investigator Jakub Mu\u0107k, PhD, Assistant Professor, Warsaw School of Economics, investigator Maria Dunin-W\u0105sowicz, PhD, Warsaw School of Economics, investigator Karolina Pawlak, Associate Professor at Poznan University of Life Sciences, senior investigator Jacek Szyszka, University of&hellip;&nbsp;<a href=\"https:\/\/coin.wne.uw.edu.pl\/ncnbrexit\/?page_id=29\" class=\"\" rel=\"bookmark\">Read More &raquo;<span class=\"screen-reader-text\">People<\/span><\/a><\/p>\n","protected":false},"author":1,"featured_media":0,"parent":0,"menu_order":0,"comment_status":"closed","ping_status":"closed","template":"","meta":{"neve_meta_sidebar":"full-width","neve_meta_container":"","neve_meta_enable_content_width":"on","neve_meta_content_width":100,"neve_meta_title_alignment":"","neve_meta_author_avatar":"","neve_post_elements_order":"","neve_meta_disable_header":"","neve_meta_disable_footer":"","neve_meta_disable_title":"","footnotes":""},"class_list":["post-29","page","type-page","status-publish","hentry"],"_links":{"self":[{"href":"https:\/\/coin.wne.uw.edu.pl\/ncnbrexit\/index.php?rest_route=\/wp\/v2\/pages\/29","targetHints":{"allow":["GET"]}}],"collection":[{"href":"https:\/\/coin.wne.uw.edu.pl\/ncnbrexit\/index.php?rest_route=\/wp\/v2\/pages"}],"about":[{"href":"https:\/\/coin.wne.uw.edu.pl\/ncnbrexit\/index.php?rest_route=\/wp\/v2\/types\/page"}],"author":[{"embeddable":true,"href":"https:\/\/coin.wne.uw.edu.pl\/ncnbrexit\/index.php?rest_route=\/wp\/v2\/users\/1"}],"replies":[{"embeddable":true,"href":"https:\/\/coin.wne.uw.edu.pl\/ncnbrexit\/index.php?rest_route=%2Fwp%2Fv2%2Fcomments&post=29"}],"version-history":[{"count":3,"href":"https:\/\/coin.wne.uw.edu.pl\/ncnbrexit\/index.php?rest_route=\/wp\/v2\/pages\/29\/revisions"}],"predecessor-version":[{"id":50,"href":"https:\/\/coin.wne.uw.edu.pl\/ncnbrexit\/index.php?rest_route=\/wp\/v2\/pages\/29\/revisions\/50"}],"wp:attachment":[{"href":"https:\/\/coin.wne.uw.edu.pl\/ncnbrexit\/index.php?rest_route=%2Fwp%2Fv2%2Fmedia&parent=29"}],"curies":[{"name":"wp","href":"https:\/\/api.w.org\/{rel}","templated":true}]}}